{"id":29,"date":"2017-09-28T20:01:31","date_gmt":"2017-09-28T20:01:31","guid":{"rendered":"https:\/\/brennholzvielfalt.de\/?page_id=29"},"modified":"2022-03-15T20:09:05","modified_gmt":"2022-03-15T20:09:05","slug":"startseite","status":"publish","type":"page","link":"https:\/\/brennholzvielfalt.de\/","title":{"rendered":"hochwertiges Brennholz f\u00fcr Ihren Kamin"},"content":{"rendered":"<p><img loading=\"lazy\" decoding=\"async\" class=\"wp-image-77 size-medium alignright\" src=\"https:\/\/brennholzvielfalt.de\/wp-content\/uploads\/2018\/07\/IMG_6943-e1532691306752-300x279.jpg\" alt=\"\" width=\"300\" height=\"279\" srcset=\"https:\/\/brennholzvielfalt.de\/wp-content\/uploads\/2018\/07\/IMG_6943-e1532691306752-300x279.jpg 300w, https:\/\/brennholzvielfalt.de\/wp-content\/uploads\/2018\/07\/IMG_6943-e1532691306752-768x715.jpg 768w, https:\/\/brennholzvielfalt.de\/wp-content\/uploads\/2018\/07\/IMG_6943-e1532691306752-1024x953.jpg 1024w, https:\/\/brennholzvielfalt.de\/wp-content\/uploads\/2018\/07\/IMG_6943-e1532691306752-1170x1089.jpg 1170w\" sizes=\"auto, (max-width: 300px) 100vw, 300px\" \/>Heizen Sie nachhaltig &#8211; bestes Brennholz aus unseren W\u00e4ldern, damit schonen Sie Ihren Gelbeutel und unterst\u00fctzen gleizeichzeitig die heimische Wirtschaft.<\/p>\n<p>Rubrik:<\/p>\n<p>Brennholz, Kaminholz sowie Anfeuerungsholz und Holzsp\u00e4ne<\/p>\n<p>Folgende Holzarten sind sortenrein frisch oder trocken vorr\u00e4tig:<\/p>\n<ul>\n<li style=\"list-style-type: none;\">\n<ul>\n<li>Roteiche<\/li>\n<li>Stieleiche<\/li>\n<li>Buche<\/li>\n<li>Ahorn<\/li>\n<li>Gemeine Esche<\/li>\n<li>Birke<\/li>\n<li>L\u00e4rche<\/li>\n<li>Fichte<\/li>\n<li>Kiefer<\/li>\n<\/ul>\n<\/li>\n<\/ul>\n<p>alternativ im Mix:<\/p>\n<ul>\n<li style=\"list-style-type: none;\">\n<ul>\n<li>Laubholzmix rein Harth\u00f6lzer (Esche, Eiche, Buche, Ahorn, Gemeine Esche)<\/li>\n<li>Laubholzmix rein Weichh\u00f6lzer (Birke, Weide, Pappel, Erle)<\/li>\n<li>Nadelholzmix (Fichte, L\u00e4rche, Kiefer)<\/li>\n<\/ul>\n<\/li>\n<\/ul>\n<p>Anfeuerungsholz:<\/p>\n<ul>\n<li style=\"list-style-type: none;\">\n<ul>\n<li>Fichte trocken in Kisten zu je 0,8m\u00b3<\/li>\n<li>Fichte trocken in bequemen 80L S\u00e4cken<\/li>\n<li>Birkenrinde &amp; Hartholzspreisel<\/li>\n<li>Brennsp\u00e4ne (Hartholz)<\/li>\n<\/ul>\n<\/li>\n<\/ul>\n<p>S\u00e4gesp\u00e4ne und Einstreusp\u00e4ne:<\/p>\n<ul>\n<li style=\"list-style-type: none;\">\n<ul>\n<li>sortenreine Holzsp\u00e4ne grob, trocken<\/li>\n<li>sortenreine Holzsp\u00e4ne grob, frisch<\/li>\n<\/ul>\n<\/li>\n<\/ul>\n<p>Verpackung:<\/p>\n<ul>\n<li style=\"list-style-type: none;\">\n<ul>\n<li>BigBags zu 1,65 bis 2 SRM* (entsp. 1m\u00b3 bis 1,5m\u00b3, lose gesch\u00fcttet)<\/li>\n<li>BigBags zu 1 SRM* (entsp. 0,65m\u00b3)<\/li>\n<li>lose ab Holzplatz<\/li>\n<li>1m\u00b3 Meterb\u00fcndel<\/li>\n<li>80L Sackware UV best\u00e4ndig (10 Sack entsp. 1m\u00b3, ordentlich eingesackt)<\/li>\n<\/ul>\n<\/li>\n<\/ul>\n<p>Brennholzaufarbeitung bei Ihnen vor Ort:<\/p>\n<ul>\n<li style=\"list-style-type: none;\">\n<ul>\n<li>s\u00e4gen und spalten<\/li>\n<li>Herstellung von Meterb\u00fcndel<\/li>\n<li>Sackware herstellen<\/li>\n<li>Lohnspalten<\/li>\n<\/ul>\n<\/li>\n<\/ul>\n<p>Kommen Sie vorbei oder schreiben Sie uns eine <a href=\"mailto:info@brennholzvielfalt.de\">Email<\/a>.<\/p>\n<p>Gerne erstellen wir Ihnen ein individuelles Angebot.\u00a0 Egal ob 1m oder 23cm, jede L\u00e4nge ist m\u00f6glich.<\/p>\n<p>Selbstabholung oder Lieferung im Raum Klingenthal, Zwota, Vogtland m\u00f6glich.<\/p>\n<p>*Sch\u00fcttraummeter<\/p>\n\n\n<p><\/p>\n\n\n\n<p><\/p>\n\n\n\n<p class=\"has-text-align-center\">\u00a9 Brennholzvielfalt<sup>\u00ae<\/sup> 2022<\/p>\n","protected":false},"excerpt":{"rendered":"<p>Heizen Sie nachhaltig &#8211; bestes Brennholz aus unseren W\u00e4ldern, damit schonen Sie Ihren Gelbeutel und unterst\u00fctzen gleizeichzeitig die heimische Wirtschaft. Rubrik: Brennholz, Kaminholz sowie Anfeuerungsholz und Holzsp\u00e4ne Folgende Holzarten sind sortenrein frisch oder trocken vorr\u00e4tig: Roteiche Stieleiche Buche Ahorn Gemeine&#8230;<br \/><a class=\"read-more-button\" href=\"https:\/\/brennholzvielfalt.de\/\">Mehr Lesen<\/a><\/p>\n","protected":false},"author":1,"featured_media":0,"parent":0,"menu_order":0,"comment_status":"closed","ping_status":"closed","template":"","meta":{"footnotes":""},"class_list":["post-29","page","type-page","status-publish","hentry"],"yoast_head":"<!-- This site is optimized with the Yoast SEO plugin v15.9.1 - https:\/\/yoast.com\/wordpress\/plugins\/seo\/ -->\n<title>hochwertiges Brennholz f\u00fcr Ihren Kamin - Brennholzvielfalt<\/title>\n<link rel=\"canonical\" href=\"https:\/\/brennholzvielfalt.de\/\" \/>\n<meta property=\"og:locale\" content=\"de_DE\" \/>\n<meta property=\"og:type\" content=\"article\" \/>\n<meta property=\"og:title\" content=\"hochwertiges Brennholz f\u00fcr Ihren Kamin - Brennholzvielfalt\" \/>\n<meta property=\"og:description\" content=\"Heizen Sie nachhaltig &#8211; bestes Brennholz aus unseren W\u00e4ldern, damit schonen Sie Ihren Gelbeutel und unterst\u00fctzen gleizeichzeitig die heimische Wirtschaft. Rubrik: Brennholz, Kaminholz sowie Anfeuerungsholz und Holzsp\u00e4ne Folgende Holzarten sind sortenrein frisch oder trocken vorr\u00e4tig: Roteiche Stieleiche Buche Ahorn Gemeine...Mehr Lesen\" \/>\n<meta property=\"og:url\" content=\"https:\/\/brennholzvielfalt.de\/\" \/>\n<meta property=\"og:site_name\" content=\"Brennholzvielfalt\" \/>\n<meta property=\"article:modified_time\" content=\"2022-03-15T20:09:05+00:00\" \/>\n<meta property=\"og:image\" content=\"https:\/\/brennholzvielfalt.de\/wp-content\/uploads\/2018\/07\/IMG_6943-e1532691306752-300x279.jpg\" \/>\n<meta name=\"twitter:card\" content=\"summary\" \/>\n<meta name=\"twitter:label1\" content=\"Gesch\u00e4tzte Lesezeit\">\n\t<meta name=\"twitter:data1\" content=\"2\u00a0Minuten\">\n<script type=\"application\/ld+json\" class=\"yoast-schema-graph\">{\"@context\":\"https:\/\/schema.org\",\"@graph\":[{\"@type\":\"WebSite\",\"@id\":\"https:\/\/brennholzvielfalt.de\/#website\",\"url\":\"https:\/\/brennholzvielfalt.de\/\",\"name\":\"Brennholzvielfalt\",\"description\":\"qualitativ hochwertiges Brennholz f\\u00fcr Ihren Kamin\",\"potentialAction\":[{\"@type\":\"SearchAction\",\"target\":\"https:\/\/brennholzvielfalt.de\/?s={search_term_string}\",\"query-input\":\"required name=search_term_string\"}],\"inLanguage\":\"de\"},{\"@type\":\"ImageObject\",\"@id\":\"https:\/\/brennholzvielfalt.de\/#primaryimage\",\"inLanguage\":\"de\",\"url\":\"https:\/\/brennholzvielfalt.de\/wp-content\/uploads\/2018\/07\/IMG_6943-e1532691306752.jpg\",\"width\":2903,\"height\":2701},{\"@type\":\"WebPage\",\"@id\":\"https:\/\/brennholzvielfalt.de\/#webpage\",\"url\":\"https:\/\/brennholzvielfalt.de\/\",\"name\":\"hochwertiges Brennholz f\\u00fcr Ihren Kamin - Brennholzvielfalt\",\"isPartOf\":{\"@id\":\"https:\/\/brennholzvielfalt.de\/#website\"},\"primaryImageOfPage\":{\"@id\":\"https:\/\/brennholzvielfalt.de\/#primaryimage\"},\"datePublished\":\"2017-09-28T20:01:31+00:00\",\"dateModified\":\"2022-03-15T20:09:05+00:00\",\"breadcrumb\":{\"@id\":\"https:\/\/brennholzvielfalt.de\/#breadcrumb\"},\"inLanguage\":\"de\",\"potentialAction\":[{\"@type\":\"ReadAction\",\"target\":[\"https:\/\/brennholzvielfalt.de\/\"]}]},{\"@type\":\"BreadcrumbList\",\"@id\":\"https:\/\/brennholzvielfalt.de\/#breadcrumb\",\"itemListElement\":[{\"@type\":\"ListItem\",\"position\":1,\"item\":{\"@type\":\"WebPage\",\"@id\":\"https:\/\/brennholzvielfalt.de\/\",\"url\":\"https:\/\/brennholzvielfalt.de\/\",\"name\":\"Startseite\"}},{\"@type\":\"ListItem\",\"position\":2,\"item\":{\"@type\":\"WebPage\",\"@id\":\"https:\/\/brennholzvielfalt.de\/\",\"url\":\"https:\/\/brennholzvielfalt.de\/\",\"name\":\"hochwertiges Brennholz f\\u00fcr Ihren Kamin\"}}]}]}<\/script>\n<!-- \/ Yoast SEO plugin. -->","_links":{"self":[{"href":"https:\/\/brennholzvielfalt.de\/index.php?rest_route=\/wp\/v2\/pages\/29","targetHints":{"allow":["GET"]}}],"collection":[{"href":"https:\/\/brennholzvielfalt.de\/index.php?rest_route=\/wp\/v2\/pages"}],"about":[{"href":"https:\/\/brennholzvielfalt.de\/index.php?rest_route=\/wp\/v2\/types\/page"}],"author":[{"embeddable":true,"href":"https:\/\/brennholzvielfalt.de\/index.php?rest_route=\/wp\/v2\/users\/1"}],"replies":[{"embeddable":true,"href":"https:\/\/brennholzvielfalt.de\/index.php?rest_route=%2Fwp%2Fv2%2Fcomments&post=29"}],"version-history":[{"count":23,"href":"https:\/\/brennholzvielfalt.de\/index.php?rest_route=\/wp\/v2\/pages\/29\/revisions"}],"predecessor-version":[{"id":144,"href":"https:\/\/brennholzvielfalt.de\/index.php?rest_route=\/wp\/v2\/pages\/29\/revisions\/144"}],"wp:attachment":[{"href":"https:\/\/brennholzvielfalt.de\/index.php?rest_route=%2Fwp%2Fv2%2Fmedia&parent=29"}],"curies":[{"name":"wp","href":"https:\/\/api.w.org\/{rel}","templated":true}]}}